{"id":803,"date":"2024-05-09T21:48:18","date_gmt":"2024-05-09T19:48:18","guid":{"rendered":"https:\/\/liquidskateboard.com\/?page_id=803"},"modified":"2025-07-14T08:47:56","modified_gmt":"2025-07-14T06:47:56","slug":"thank-you-for-signing-up","status":"publish","type":"page","link":"https:\/\/liquidskateboard.com\/fr\/thank-you-for-signing-up\/","title":{"rendered":"Thank you for signing up"},"content":{"rendered":"<div class=\"wp-block-stackable-spacer stk-block-spacer stk--no-padding stk-block stk-9c1f6be\" data-block-id=\"9c1f6be\"><\/div>\n\n\n\n<div class=\"wp-block-stackable-columns stk-block-columns stk-block stk-3409e55\" data-block-id=\"3409e55\"><style>.stk-3409e55 {margin-bottom:45px !important;}<\/style><div class=\"stk-row stk-inner-blocks stk-block-content stk-content-align stk-3409e55-column\">\n<div class=\"wp-block-stackable-column stk-block-column stk-column stk-block stk-33faae5\" data-v=\"4\" data-block-id=\"33faae5\"><style>.stk-33faae5-container{margin-top:0px !important;margin-right:0px !important;margin-bottom:0px !important;margin-left:0px !important;}.stk-33faae5-inner-blocks{align-items:center !important;}.stk-33faae5 {align-items:center !important;padding-top:48px !important;padding-right:48px !important;padding-bottom:48px !important;padding-left:48px !important;display:flex !important;}@media screen and (min-width: 768px){.stk-33faae5 {flex:var(--stk-flex-grow, 1) 1 calc(54.9% - var(--stk-column-gap, 0px) * 1 \/ 2 ) !important;}}<\/style><div class=\"stk-column-wrapper stk-block-column__content stk-container stk-33faae5-container stk--no-background stk--no-padding\"><div class=\"stk--column-flex stk-block-content stk-inner-blocks stk-33faae5-inner-blocks\">\n<div class=\"wp-block-stackable-spacer stk-block-spacer stk--no-padding stk-block stk-1a99ec3\" data-block-id=\"1a99ec3\"><style>.stk-1a99ec3 {height:10px !important;}<\/style><\/div>\n\n\n\n<div class=\"wp-block-stackable-heading stk-block-heading stk-block-heading--v2 stk-block stk-a02ab97\" id=\"you-are-now-a\" data-block-id=\"a02ab97\"><style>.stk-a02ab97 {margin-bottom:16px !important;}.stk-a02ab97 .stk-block-heading__text{font-size:40px !important;}@media screen and (max-width: 1023px){.stk-a02ab97 .stk-block-heading__text{font-size:40px !important;}}<\/style><h3 class=\"stk-block-heading__text has-text-align-center\">Merci de faire partie de la<\/h3><\/div>\n\n\n\n<figure class=\"wp-block-image size-medium is-resized\" data-block-type=\"core\"><img loading=\"lazy\" decoding=\"async\" width=\"300\" height=\"122\" sizes=\"auto, (max-width: 300px) 100vw, 300px\" src=\"https:\/\/liquidskateboard.com\/wp-content\/uploads\/2024\/05\/LOGO-09-e1714774419654-300x122.png\" alt=\"Logo of liquid skateboard\" class=\"wp-image-7\" style=\"width:288px;height:auto\" srcset=\"https:\/\/liquidskateboard.com\/wp-content\/uploads\/2024\/05\/LOGO-09-e1714774419654-300x122.png 300w, https:\/\/liquidskateboard.com\/wp-content\/uploads\/2024\/05\/LOGO-09-e1714774419654-1024x415.png 1024w, https:\/\/liquidskateboard.com\/wp-content\/uploads\/2024\/05\/LOGO-09-e1714774419654-768x312.png 768w, https:\/\/liquidskateboard.com\/wp-content\/uploads\/2024\/05\/LOGO-09-e1714774419654-1536x623.png 1536w, https:\/\/liquidskateboard.com\/wp-content\/uploads\/2024\/05\/LOGO-09-e1714774419654-2048x831.png 2048w\" \/><\/figure>\n\n\n\n<div class=\"wp-block-stackable-heading stk-block-heading stk-block-heading--v2 stk-block stk-a701635\" id=\"skateboard-insider\" data-block-id=\"a701635\"><style>.stk-a701635 {margin-bottom:30px !important;}.stk-a701635 .stk-block-heading__text{font-size:40px !important;}@media screen and (max-width: 1023px){.stk-a701635 .stk-block-heading__text{font-size:40px !important;}}<\/style><h3 class=\"stk-block-heading__text has-text-align-center\">skateboard team !<\/h3><\/div>\n\n\n\n<p class=\"has-text-align-center\" data-block-type=\"core\">En vous inscrivant \u00e0 notre newsletter, vous aurez acc\u00e8s en avant-premi\u00e8re \u00e0 nos derni\u00e8res informations, actualit\u00e9s et mises \u00e0 jour concernant le projet.<\/p>\n\n\n\n<p data-block-type=\"core\">Nous sommes ravis de vous compter parmi nous !<\/p>\n\n\n\n<div class=\"wp-block-stackable-button-group stk-block-button-group stk-block stk-d0fe5d8\" data-block-id=\"d0fe5d8\"><div class=\"stk-row stk-inner-blocks stk-block-content stk-button-group\">\n<div class=\"wp-block-stackable-button stk-block-button stk-block stk-4702868\" data-block-id=\"4702868\"><style>.stk-4702868 {min-height:0px !important;}.stk-4702868 .stk-button__inner-text{font-size:20px !important;}@media screen and (max-width: 1023px){.stk-4702868 .stk-button__inner-text{font-size:20px !important;}}<\/style><a class=\"stk-link stk-button stk--hover-effect-darken\" href=\"https:\/\/www.kickstarter.com\/projects\/1791899660\/liquid-skateboard-original-motion-electric-flow?ref=dqfuou\" target=\"_blank\" rel=\"noreferrer noopener\"><span class=\"stk-button__inner-text\"><strong>FOLLOW THE KICKSTARTER PAGE<\/strong><\/span><\/a><\/div>\n<\/div><\/div>\n\n\n\n<div class=\"wp-block-stackable-heading stk-block-heading stk-block-heading--v2 stk-block stk-6e692bd\" id=\"your-support-help-us-to-keep-rolling\" data-block-id=\"6e692bd\"><h5 class=\"stk-block-heading__text\">Votre soutien nous permet d'avancer !<\/h5><\/div>\n<\/div><\/div><\/div>\n\n\n\n<div class=\"wp-block-stackable-column stk-block-column stk-column stk-block stk-77e92b5\" data-v=\"4\" data-block-id=\"77e92b5\"><style>.stk-77e92b5-container{margin-top:0px !important;margin-right:0px !important;margin-bottom:0px !important;margin-left:0px !important;padding-top:0px !important;padding-right:0px !important;padding-bottom:0px !important;padding-left:0px !important;}.stk-77e92b5-inner-blocks{justify-content:center !important;}.stk-77e92b5 {overflow:hidden !important;max-width:671px !important;min-width:auto !important;padding-top:0px !important;padding-right:0px !important;padding-bottom:0px !important;padding-left:0px !important;}@media screen and (min-width: 768px){.stk-77e92b5 {flex:var(--stk-flex-grow, 1) 1 calc(45.1% - var(--stk-column-gap, 0px) * 1 \/ 2 ) !important;}}<\/style><div class=\"stk-column-wrapper stk-block-column__content stk-container stk-77e92b5-container stk--no-background stk--no-padding\"><div class=\"stk--column-flex stk-block-content stk-inner-blocks stk-77e92b5-inner-blocks\">\n<div class=\"wp-block-stackable-spacer stk-block-spacer stk--no-padding stk-block stk-4af494f stk-block-background stk--has-background-overlay\" data-block-id=\"4af494f\"><style>.stk-4af494f {height:570px !important;background-image:url(https:\/\/liquidskateboard.b-cdn.net\/Rolling.mp4) !important;border-top-left-radius:30px !important;border-top-right-radius:30px !important;border-bottom-right-radius:30px !important;border-bottom-left-radius:30px !important;overflow:hidden !important;}<\/style><video class=\"stk-video-background\" autoplay muted loop playsinline src=\"https:\/\/liquidskateboard.b-cdn.net\/Rolling.mp4\" poster=\"\"><\/video><\/div>\n<\/div><\/div><\/div>\n<\/div><\/div>\n\n\n\n<div class=\"wp-block-stackable-spacer stk-block-spacer stk--no-padding stk-block stk-b47f9d6\" data-block-id=\"b47f9d6\"><style>.stk-b47f9d6 {height:35px !important;}<\/style><\/div>\n\n\n\n<div class=\"wp-block-stackable-columns stk-block-columns stk-block stk-e4d66fe\" data-block-id=\"e4d66fe\"><style>.stk-e4d66fe {margin-bottom:50px !important;}<\/style><div class=\"stk-row stk-inner-blocks stk-block-content stk-content-align stk-e4d66fe-column\">\n<div class=\"wp-block-stackable-column stk-block-column stk-column stk-block stk-c48a86e\" data-v=\"4\" data-block-id=\"c48a86e\"><style>@media screen and (min-width: 768px){.stk-c48a86e {flex:var(--stk-flex-grow, 1) 1 calc(25% - var(--stk-column-gap, 0px) * 2 \/ 3 ) !important;}}<\/style><div class=\"stk-column-wrapper stk-block-column__content stk-container stk-c48a86e-container stk--no-background stk--no-padding\"><div class=\"stk-block-content stk-inner-blocks stk-c48a86e-inner-blocks\"><\/div><\/div><\/div>\n\n\n\n<div class=\"wp-block-stackable-column stk-block-column stk-column stk-block stk-7784acf\" data-v=\"4\" data-block-id=\"7784acf\"><style>@media screen and (min-width: 768px){.stk-7784acf {flex:var(--stk-flex-grow, 1) 1 calc(50% - var(--stk-column-gap, 0px) * 2 \/ 3 ) !important;}}<\/style><div class=\"stk-column-wrapper stk-block-column__content stk-container stk-7784acf-container stk--no-background stk--no-padding\"><div class=\"stk-block-content stk-inner-blocks stk-7784acf-inner-blocks\">\n<div class=\"wp-block-stackable-call-to-action stk-block-call-to-action stk-block stk-f16e8ff is-style-default\" data-v=\"2\" data-block-id=\"f16e8ff\"><style>.stk-f16e8ff {border-top-left-radius:30px !important;border-top-right-radius:30px !important;border-bottom-right-radius:30px !important;border-bottom-left-radius:30px !important;overflow:hidden !important;}<\/style><div class=\"stk-block-call-to-action__content stk-content-align stk-f16e8ff-column stk-container stk-f16e8ff-container stk-hover-parent\"><div class=\"has-text-align-center stk-block-content stk-inner-blocks stk-f16e8ff-inner-blocks\">\n<div class=\"wp-block-stackable-heading stk-block-heading stk-block-heading--v2 stk-block stk-c12bcd6\" id=\"make-sure-to-be-with-us-instagram\" data-block-id=\"c12bcd6\"><h4 class=\"stk-block-heading__text\">MAKE SURE TO BE WITH US INSTAGRAM<\/h4><\/div>\n\n\n\n<div class=\"wp-block-stackable-text stk-block-text stk-block stk-a566699\" data-block-id=\"a566699\"><p class=\"stk-block-text__text\">Vous pouvez nous aider en partageant notre projet avec votre ami skateur pr\u00e9f\u00e9r\u00e9.<\/p><\/div>\n\n\n\n<div class=\"wp-block-stackable-button-group aligncenter stk-block-button-group stk-block stk-e5545bc\" data-block-id=\"e5545bc\"><div class=\"stk-row stk-inner-blocks has-text-align-center stk-block-content stk-button-group\">\n<div class=\"wp-block-stackable-button stk-block-button has-text-align-center stk-block stk-63551dd\" data-block-id=\"63551dd\"><style>.stk-63551dd .stk-button{padding-right:35px !important;padding-left:35px !important;}<\/style><a class=\"stk-link stk-button stk--hover-effect-darken\" href=\"https:\/\/www.instagram.com\/liquidskateboard\/\" target=\"_blank\" rel=\"noreferrer noopener\"><span class=\"stk-button__inner-text\">RETROUVEZ-NOUS SUR INSTAGRAM<\/span><\/a><\/div>\n<\/div><\/div>\n<\/div><\/div><\/div>\n<\/div><\/div><\/div>\n\n\n\n<div class=\"wp-block-stackable-column stk-block-column stk-column stk-block stk-3bb5226\" data-v=\"4\" data-block-id=\"3bb5226\"><style>@media screen and (min-width: 768px){.stk-3bb5226 {flex:var(--stk-flex-grow, 1) 1 calc(25% - var(--stk-column-gap, 0px) * 2 \/ 3 ) !important;}}<\/style><div class=\"stk-column-wrapper stk-block-column__content stk-container stk-3bb5226-container stk--no-background stk--no-padding\"><div class=\"stk-block-content stk-inner-blocks stk-3bb5226-inner-blocks\"><\/div><\/div><\/div>\n<\/div><\/div>","protected":false},"excerpt":{"rendered":"<p>You are now a skateboard insider! By signing up on our newsletter, you will have access before everyone else to our latest information, news and update regarding the project. We&#8230;<\/p>","protected":false},"author":1,"featured_media":0,"parent":0,"menu_order":0,"comment_status":"closed","ping_status":"closed","template":"","meta":{"_nectar_blocks_hide_post_title":false,"_nectar_blocks_transparent_header_effect":false,"_nectar_blocks_transparent_header_effect_color":"light","_nectar_blocks_header_animation":false,"_nectar_blocks_header_animation_delay":0,"_nectar_blocks_header_animation_effect":"fade","_nectar_blocks_page_css":"","_nectar_blocks_page_js":"","inline_featured_image":false,"footnotes":""},"class_list":["post-803","page","type-page","status-publish"],"yoast_head":"<!-- This site is optimized with the Yoast SEO plugin v27.3 - https:\/\/yoast.com\/product\/yoast-seo-wordpress\/ -->\n<title>Thank you for signing up - Liquid skateboard<\/title>\n<meta name=\"description\" content=\"You have just registered for our newsletter, well done. You will receive our latest news and be the first one to hear about our launch.\" \/>\n<meta name=\"robots\" content=\"index, follow, max-snippet:-1, max-image-preview:large, max-video-preview:-1\" \/>\n<link rel=\"canonical\" href=\"https:\/\/liquidskateboard.com\/fr\/thank-you-for-signing-up\/\" \/>\n<meta property=\"og:locale\" content=\"fr_FR\" \/>\n<meta property=\"og:type\" content=\"article\" \/>\n<meta property=\"og:title\" content=\"Thank you for signing up - Liquid skateboard\" \/>\n<meta property=\"og:description\" content=\"You have just registered for our newsletter, well done. You will receive our latest news and be the first one to hear about our launch.\" \/>\n<meta property=\"og:url\" content=\"https:\/\/liquidskateboard.com\/fr\/thank-you-for-signing-up\/\" \/>\n<meta property=\"og:site_name\" content=\"Liquid skateboard\" \/>\n<meta property=\"article:publisher\" content=\"https:\/\/www.facebook.com\/people\/Liquid-skateboard\/100089774738731\/\" \/>\n<meta property=\"article:modified_time\" content=\"2025-07-14T06:47:56+00:00\" \/>\n<meta property=\"og:image\" content=\"https:\/\/liquidskateboard.com\/wp-content\/uploads\/2024\/05\/LOGO-09-e1714774419654.png\" \/>\n\t<meta property=\"og:image:width\" content=\"3227\" \/>\n\t<meta property=\"og:image:height\" content=\"1309\" \/>\n\t<meta property=\"og:image:type\" content=\"image\/png\" \/>\n<meta name=\"twitter:card\" content=\"summary_large_image\" \/>\n<meta name=\"twitter:label1\" content=\"Dur\u00e9e de lecture estim\u00e9e\" \/>\n\t<meta name=\"twitter:data1\" content=\"1 minute\" \/>\n<script type=\"application\/ld+json\" class=\"yoast-schema-graph\">{\"@context\":\"https:\\\/\\\/schema.org\",\"@graph\":[{\"@type\":\"WebPage\",\"@id\":\"https:\\\/\\\/liquidskateboard.com\\\/thank-you-for-signing-up\\\/\",\"url\":\"https:\\\/\\\/liquidskateboard.com\\\/thank-you-for-signing-up\\\/\",\"name\":\"Thank you for signing up - Liquid skateboard\",\"isPartOf\":{\"@id\":\"https:\\\/\\\/liquidskateboard.com\\\/#website\"},\"primaryImageOfPage\":{\"@id\":\"https:\\\/\\\/liquidskateboard.com\\\/thank-you-for-signing-up\\\/#primaryimage\"},\"image\":{\"@id\":\"https:\\\/\\\/liquidskateboard.com\\\/thank-you-for-signing-up\\\/#primaryimage\"},\"thumbnailUrl\":\"https:\\\/\\\/liquidskateboard.com\\\/wp-content\\\/uploads\\\/2024\\\/05\\\/LOGO-09-e1714774419654-300x122.png\",\"datePublished\":\"2024-05-09T19:48:18+00:00\",\"dateModified\":\"2025-07-14T06:47:56+00:00\",\"description\":\"You have just registered for our newsletter, well done. You will receive our latest news and be the first one to hear about our launch.\",\"breadcrumb\":{\"@id\":\"https:\\\/\\\/liquidskateboard.com\\\/thank-you-for-signing-up\\\/#breadcrumb\"},\"inLanguage\":\"fr-FR\",\"potentialAction\":[{\"@type\":\"ReadAction\",\"target\":[\"https:\\\/\\\/liquidskateboard.com\\\/thank-you-for-signing-up\\\/\"]}]},{\"@type\":\"ImageObject\",\"inLanguage\":\"fr-FR\",\"@id\":\"https:\\\/\\\/liquidskateboard.com\\\/thank-you-for-signing-up\\\/#primaryimage\",\"url\":\"https:\\\/\\\/liquidskateboard.com\\\/wp-content\\\/uploads\\\/2024\\\/05\\\/LOGO-09-e1714774419654-300x122.png\",\"contentUrl\":\"https:\\\/\\\/liquidskateboard.com\\\/wp-content\\\/uploads\\\/2024\\\/05\\\/LOGO-09-e1714774419654-300x122.png\"},{\"@type\":\"BreadcrumbList\",\"@id\":\"https:\\\/\\\/liquidskateboard.com\\\/thank-you-for-signing-up\\\/#breadcrumb\",\"itemListElement\":[{\"@type\":\"ListItem\",\"position\":1,\"name\":\"Home\",\"item\":\"https:\\\/\\\/liquidskateboard.com\\\/\"},{\"@type\":\"ListItem\",\"position\":2,\"name\":\"Thank you for signing up\"}]},{\"@type\":\"WebSite\",\"@id\":\"https:\\\/\\\/liquidskateboard.com\\\/#website\",\"url\":\"https:\\\/\\\/liquidskateboard.com\\\/\",\"name\":\"Liquid skateboard\",\"description\":\"Original motion, Electric flow.\",\"publisher\":{\"@id\":\"https:\\\/\\\/liquidskateboard.com\\\/#organization\"},\"potentialAction\":[{\"@type\":\"SearchAction\",\"target\":{\"@type\":\"EntryPoint\",\"urlTemplate\":\"https:\\\/\\\/liquidskateboard.com\\\/?s={search_term_string}\"},\"query-input\":{\"@type\":\"PropertyValueSpecification\",\"valueRequired\":true,\"valueName\":\"search_term_string\"}}],\"inLanguage\":\"fr-FR\"},{\"@type\":\"Organization\",\"@id\":\"https:\\\/\\\/liquidskateboard.com\\\/#organization\",\"name\":\"Liquid skateboard\",\"url\":\"https:\\\/\\\/liquidskateboard.com\\\/\",\"logo\":{\"@type\":\"ImageObject\",\"inLanguage\":\"fr-FR\",\"@id\":\"https:\\\/\\\/liquidskateboard.com\\\/#\\\/schema\\\/logo\\\/image\\\/\",\"url\":\"https:\\\/\\\/liquidskateboard.com\\\/wp-content\\\/uploads\\\/2024\\\/05\\\/LOGO-09-e1714774419654.png\",\"contentUrl\":\"https:\\\/\\\/liquidskateboard.com\\\/wp-content\\\/uploads\\\/2024\\\/05\\\/LOGO-09-e1714774419654.png\",\"width\":3227,\"height\":1309,\"caption\":\"Liquid skateboard\"},\"image\":{\"@id\":\"https:\\\/\\\/liquidskateboard.com\\\/#\\\/schema\\\/logo\\\/image\\\/\"},\"sameAs\":[\"https:\\\/\\\/www.facebook.com\\\/people\\\/Liquid-skateboard\\\/100089774738731\\\/\",\"https:\\\/\\\/www.instagram.com\\\/liquidskateboard\\\/?hl=en\"]}]}<\/script>\n<!-- \/ Yoast SEO plugin. -->","yoast_head_json":{"title":"Thank you for signing up - Liquid skateboard","description":"You have just registered for our newsletter, well done. You will receive our latest news and be the first one to hear about our launch.","robots":{"index":"index","follow":"follow","max-snippet":"max-snippet:-1","max-image-preview":"max-image-preview:large","max-video-preview":"max-video-preview:-1"},"canonical":"https:\/\/liquidskateboard.com\/fr\/thank-you-for-signing-up\/","og_locale":"fr_FR","og_type":"article","og_title":"Thank you for signing up - Liquid skateboard","og_description":"You have just registered for our newsletter, well done. You will receive our latest news and be the first one to hear about our launch.","og_url":"https:\/\/liquidskateboard.com\/fr\/thank-you-for-signing-up\/","og_site_name":"Liquid skateboard","article_publisher":"https:\/\/www.facebook.com\/people\/Liquid-skateboard\/100089774738731\/","article_modified_time":"2025-07-14T06:47:56+00:00","og_image":[{"width":3227,"height":1309,"url":"https:\/\/liquidskateboard.com\/wp-content\/uploads\/2024\/05\/LOGO-09-e1714774419654.png","type":"image\/png"}],"twitter_card":"summary_large_image","twitter_misc":{"Dur\u00e9e de lecture estim\u00e9e":"1 minute"},"schema":{"@context":"https:\/\/schema.org","@graph":[{"@type":"WebPage","@id":"https:\/\/liquidskateboard.com\/thank-you-for-signing-up\/","url":"https:\/\/liquidskateboard.com\/thank-you-for-signing-up\/","name":"Thank you for signing up - Liquid skateboard","isPartOf":{"@id":"https:\/\/liquidskateboard.com\/#website"},"primaryImageOfPage":{"@id":"https:\/\/liquidskateboard.com\/thank-you-for-signing-up\/#primaryimage"},"image":{"@id":"https:\/\/liquidskateboard.com\/thank-you-for-signing-up\/#primaryimage"},"thumbnailUrl":"https:\/\/liquidskateboard.com\/wp-content\/uploads\/2024\/05\/LOGO-09-e1714774419654-300x122.png","datePublished":"2024-05-09T19:48:18+00:00","dateModified":"2025-07-14T06:47:56+00:00","description":"You have just registered for our newsletter, well done. You will receive our latest news and be the first one to hear about our launch.","breadcrumb":{"@id":"https:\/\/liquidskateboard.com\/thank-you-for-signing-up\/#breadcrumb"},"inLanguage":"fr-FR","potentialAction":[{"@type":"ReadAction","target":["https:\/\/liquidskateboard.com\/thank-you-for-signing-up\/"]}]},{"@type":"ImageObject","inLanguage":"fr-FR","@id":"https:\/\/liquidskateboard.com\/thank-you-for-signing-up\/#primaryimage","url":"https:\/\/liquidskateboard.com\/wp-content\/uploads\/2024\/05\/LOGO-09-e1714774419654-300x122.png","contentUrl":"https:\/\/liquidskateboard.com\/wp-content\/uploads\/2024\/05\/LOGO-09-e1714774419654-300x122.png"},{"@type":"BreadcrumbList","@id":"https:\/\/liquidskateboard.com\/thank-you-for-signing-up\/#breadcrumb","itemListElement":[{"@type":"ListItem","position":1,"name":"Home","item":"https:\/\/liquidskateboard.com\/"},{"@type":"ListItem","position":2,"name":"Thank you for signing up"}]},{"@type":"WebSite","@id":"https:\/\/liquidskateboard.com\/#website","url":"https:\/\/liquidskateboard.com\/","name":"Liquid skateboard","description":"Original motion, Electric flow.","publisher":{"@id":"https:\/\/liquidskateboard.com\/#organization"},"potentialAction":[{"@type":"SearchAction","target":{"@type":"EntryPoint","urlTemplate":"https:\/\/liquidskateboard.com\/?s={search_term_string}"},"query-input":{"@type":"PropertyValueSpecification","valueRequired":true,"valueName":"search_term_string"}}],"inLanguage":"fr-FR"},{"@type":"Organization","@id":"https:\/\/liquidskateboard.com\/#organization","name":"Liquid skateboard","url":"https:\/\/liquidskateboard.com\/","logo":{"@type":"ImageObject","inLanguage":"fr-FR","@id":"https:\/\/liquidskateboard.com\/#\/schema\/logo\/image\/","url":"https:\/\/liquidskateboard.com\/wp-content\/uploads\/2024\/05\/LOGO-09-e1714774419654.png","contentUrl":"https:\/\/liquidskateboard.com\/wp-content\/uploads\/2024\/05\/LOGO-09-e1714774419654.png","width":3227,"height":1309,"caption":"Liquid skateboard"},"image":{"@id":"https:\/\/liquidskateboard.com\/#\/schema\/logo\/image\/"},"sameAs":["https:\/\/www.facebook.com\/people\/Liquid-skateboard\/100089774738731\/","https:\/\/www.instagram.com\/liquidskateboard\/?hl=en"]}]}},"_links":{"self":[{"href":"https:\/\/liquidskateboard.com\/fr\/wp-json\/wp\/v2\/pages\/803","targetHints":{"allow":["GET"]}}],"collection":[{"href":"https:\/\/liquidskateboard.com\/fr\/wp-json\/wp\/v2\/pages"}],"about":[{"href":"https:\/\/liquidskateboard.com\/fr\/wp-json\/wp\/v2\/types\/page"}],"author":[{"embeddable":true,"href":"https:\/\/liquidskateboard.com\/fr\/wp-json\/wp\/v2\/users\/1"}],"replies":[{"embeddable":true,"href":"https:\/\/liquidskateboard.com\/fr\/wp-json\/wp\/v2\/comments?post=803"}],"version-history":[{"count":28,"href":"https:\/\/liquidskateboard.com\/fr\/wp-json\/wp\/v2\/pages\/803\/revisions"}],"predecessor-version":[{"id":1331,"href":"https:\/\/liquidskateboard.com\/fr\/wp-json\/wp\/v2\/pages\/803\/revisions\/1331"}],"wp:attachment":[{"href":"https:\/\/liquidskateboard.com\/fr\/wp-json\/wp\/v2\/media?parent=803"}],"curies":[{"name":"wp","href":"https:\/\/api.w.org\/{rel}","templated":true}]}}